{"id":6668,"date":"2025-06-10T23:43:13","date_gmt":"2025-06-11T04:43:13","guid":{"rendered":"https:\/\/infinitestair.com\/?page_id=6668"},"modified":"2025-11-22T06:31:50","modified_gmt":"2025-11-22T11:31:50","slug":"cesar-paternina","status":"publish","type":"page","link":"https:\/\/escalerainfinita.com\/es\/cesar-paternina\/","title":{"rendered":"C\u00e9sar Paternina"},"content":{"rendered":"<div data-elementor-type=\"wp-page\" data-elementor-id=\"6668\" class=\"elementor elementor-6668\" data-elementor-post-type=\"page\">\n\t\t\t\t<div class=\"elementor-element elementor-element-69f4abeb e-flex e-con-boxed e-con e-parent\" data-id=\"69f4abeb\" data-element_type=\"container\" data-e-type=\"container\">\n\t\t\t\t\t<div class=\"e-con-inner\">\n\t\t\t\t<div class=\"elementor-element elementor-element-40e86ee elementor-widget elementor-widget-link-in-bio-var-7\" data-id=\"40e86ee\" data-element_type=\"widget\" data-e-type=\"widget\" data-widget_type=\"link-in-bio-var-7.default\">\n\t\t\t\t<div class=\"elementor-widget-container\">\n\t\t\t\t\t\t\t<div class=\"e-link-in-bio e-link-in-bio-var-7\">\n\t\t\t<div class=\"e-link-in-bio__content\">\n\n\t\t\t\t\t\t<div class=\"e-link-in-bio__identity\">\n\t\t\t\t\t\t\t\t\t<div class=\"e-link-in-bio__identity-image e-link-in-bio__identity-image-cover has-border\">\n\t\t\t\t\t\t\t<img fetchpriority=\"high\" decoding=\"async\" width=\"300\" height=\"300\" src=\"https:\/\/escalerainfinita.com\/wp-content\/uploads\/2022\/08\/hand-robot-300x300.png\" class=\"e-link-in-bio__identity-image-element\" alt=\"Advanced robotic hand demonstrating artificial intelligence technology for enhanced customer service and digital interaction\" srcset=\"https:\/\/escalerainfinita.com\/wp-content\/uploads\/2022\/08\/hand-robot-300x300.png 300w, https:\/\/escalerainfinita.com\/wp-content\/uploads\/2022\/08\/hand-robot-150x150.png 150w, https:\/\/escalerainfinita.com\/wp-content\/uploads\/2022\/08\/hand-robot-12x12.png 12w, https:\/\/escalerainfinita.com\/wp-content\/uploads\/2022\/08\/hand-robot.png 600w\" sizes=\"(max-width: 300px) 100vw, 300px\" \/>\t\t\t\t\t\t\t\t\t\t\t\t\t<\/div>\n\t\t\t\t\t\t\t\t\t\t\t<div class=\"e-link-in-bio__identity-image e-link-in-bio__identity-image-profile has-border has-style-circle\">\n\t\t\t\t\t\t\t<img decoding=\"async\" width=\"289\" height=\"300\" src=\"https:\/\/escalerainfinita.com\/wp-content\/uploads\/2025\/06\/FOTO-copia-289x300.jpg\" class=\"e-link-in-bio__identity-image-element\" alt=\"Professional headshot of C\u00e9sar Paternina, Digital Strategy Consultant specializing in ecommerce optimization, user experience design, and conversion rate improvement at Infinite Stair\" srcset=\"https:\/\/escalerainfinita.com\/wp-content\/uploads\/2025\/06\/FOTO-copia-289x300.jpg 289w, https:\/\/escalerainfinita.com\/wp-content\/uploads\/2025\/06\/FOTO-copia-12x12.jpg 12w, https:\/\/escalerainfinita.com\/wp-content\/uploads\/2025\/06\/FOTO-copia.jpg 585w\" sizes=\"(max-width: 289px) 100vw, 289px\" \/>\t\t\t\t\t\t\t\t\t\t\t\t\t<\/div>\n\t\t\t\t\t\t\t<\/div>\n\t\t\t\t\t<div class=\"e-link-in-bio__bio\">\n\t\t\t\t<h1 class=\"e-link-in-bio__heading\">C\u00e9sar Paternina<\/h1>\t\t\t\t<h3 class=\"e-link-in-bio__title\">CEO \/ Fundador<\/h3>\t\t\t\t\t\t\t\t\t\t\t<\/div>\n\t\t\t\t\t<div class=\"e-link-in-bio__icons has-size-small\">\n\t\t\t\t\t\t\t<div class=\"e-link-in-bio__icon is-size-small\">\n\t\t\t\t\t<a aria-label=\"Email\" class=\"e-link-in-bio__icon-link\" href=\"mailto:cesar@infinitestair.com\">\n\t\t\t\t\t\t<span class=\"e-link-in-bio__icon-svg\">\n\t\t\t\t\t\t\t<svg aria-hidden=\"true\" class=\"e-font-icon-svg e-fas-envelope\" viewbox=\"0 0 512 512\" xmlns=\"http:\/\/www.w3.org\/2000\/svg\"><path d=\"M502.3 190.8c3.9-3.1 9.7-.2 9.7 4.7V400c0 26.5-21.5 48-48 48H48c-26.5 0-48-21.5-48-48V195.6c0-5 5.7-7.8 9.7-4.7 22.4 17.4 52.1 39.5 154.1 113.6 21.1 15.4 56.7 47.8 92.2 47.6 35.7.3 72-32.8 92.3-47.6 102-74.1 131.6-96.3 154-113.7zM256 320c23.2.4 56.6-29.2 73.4-41.4 132.7-96.3 142.8-104.7 173.4-128.7 5.8-4.5 9.2-11.5 9.2-18.9v-19c0-26.5-21.5-48-48-48H48C21.5 64 0 85.5 0 112v19c0 7.4 3.4 14.3 9.2 18.9 30.6 23.9 40.7 32.4 173.4 128.7 16.8 12.2 50.2 41.8 73.4 41.4z\"><\/path><\/svg>\t\t\t\t\t\t<\/span>\n\t\t\t\t\t\t\t\t\t\t\t\t\t<span class=\"e-link-in-bio__icon-label\">\n\t\t\t\t\t\t\t\tEmail\t\t\t\t\t\t\t<\/span>\n\t\t\t\t\t\t\t\t\t\t\t<\/a>\n\t\t\t\t<\/div>\n\t\t\t\t\t\t\t<div class=\"e-link-in-bio__icon is-size-small\">\n\t\t\t\t\t<a aria-label=\"WhatsApp\" class=\"e-link-in-bio__icon-link\" href=\"https:\/\/wa.me\/+14074878737\">\n\t\t\t\t\t\t<span class=\"e-link-in-bio__icon-svg\">\n\t\t\t\t\t\t\t<svg aria-hidden=\"true\" class=\"e-font-icon-svg e-fab-whatsapp\" viewbox=\"0 0 448 512\" xmlns=\"http:\/\/www.w3.org\/2000\/svg\"><path d=\"M380.9 97.1C339 55.1 283.2 32 223.9 32c-122.4 0-222 99.6-222 222 0 39.1 10.2 77.3 29.6 111L0 480l117.7-30.9c32.4 17.7 68.9 27 106.1 27h.1c122.3 0 224.1-99.6 224.1-222 0-59.3-25.2-115-67.1-157zm-157 341.6c-33.2 0-65.7-8.9-94-25.7l-6.7-4-69.8 18.3L72 359.2l-4.4-7c-18.5-29.4-28.2-63.3-28.2-98.2 0-101.7 82.8-184.5 184.6-184.5 49.3 0 95.6 19.2 130.4 54.1 34.8 34.9 56.2 81.2 56.1 130.5 0 101.8-84.9 184.6-186.6 184.6zm101.2-138.2c-5.5-2.8-32.8-16.2-37.9-18-5.1-1.9-8.8-2.8-12.5 2.8-3.7 5.6-14.3 18-17.6 21.8-3.2 3.7-6.5 4.2-12 1.4-32.6-16.3-54-29.1-75.5-66-5.7-9.8 5.7-9.1 16.3-30.3 1.8-3.7.9-6.9-.5-9.7-1.4-2.8-12.5-30.1-17.1-41.2-4.5-10.8-9.1-9.3-12.5-9.5-3.2-.2-6.9-.2-10.6-.2-3.7 0-9.7 1.4-14.8 6.9-5.1 5.6-19.4 19-19.4 46.3 0 27.3 19.9 53.7 22.6 57.4 2.8 3.7 39.1 59.7 94.8 83.8 35.2 15.2 49 16.5 66.6 13.9 10.7-1.6 32.8-13.4 37.4-26.4 4.6-13 4.6-24.1 3.2-26.4-1.3-2.5-5-3.9-10.5-6.6z\"><\/path><\/svg>\t\t\t\t\t\t<\/span>\n\t\t\t\t\t\t\t\t\t\t\t\t\t<span class=\"e-link-in-bio__icon-label\">\n\t\t\t\t\t\t\t\tWhatsApp\t\t\t\t\t\t\t<\/span>\n\t\t\t\t\t\t\t\t\t\t\t<\/a>\n\t\t\t\t<\/div>\n\t\t\t\t\t\t\t<div class=\"e-link-in-bio__icon is-size-small\">\n\t\t\t\t\t<a href=\"https:\/\/www.linkedin.com\/in\/cesarpaternina\/\" target=\"_blank\" rel=\"noopener \" aria-label=\"LinkedIn\" class=\"e-link-in-bio__icon-link\">\n\t\t\t\t\t\t<span class=\"e-link-in-bio__icon-svg\">\n\t\t\t\t\t\t\t<svg aria-hidden=\"true\" class=\"e-font-icon-svg e-fab-linkedin-in\" viewbox=\"0 0 448 512\" xmlns=\"http:\/\/www.w3.org\/2000\/svg\"><path d=\"M100.28 448H7.4V148.9h92.88zM53.79 108.1C24.09 108.1 0 83.5 0 53.8a53.79 53.79 0 0 1 107.58 0c0 29.7-24.1 54.3-53.79 54.3zM447.9 448h-92.68V302.4c0-34.7-.7-79.2-48.29-79.2-48.29 0-55.69 37.7-55.69 76.7V448h-92.78V148.9h89.08v40.8h1.3c12.4-23.5 42.69-48.3 87.88-48.3 94 0 111.28 61.9 111.28 142.3V448z\"><\/path><\/svg>\t\t\t\t\t\t<\/span>\n\t\t\t\t\t\t\t\t\t\t\t\t\t<span class=\"e-link-in-bio__icon-label\">\n\t\t\t\t\t\t\t\tLinkedIn\t\t\t\t\t\t\t<\/span>\n\t\t\t\t\t\t\t\t\t\t\t<\/a>\n\t\t\t\t<\/div>\n\t\t\t\t\t\t\t<div class=\"e-link-in-bio__icon is-size-small\">\n\t\t\t\t\t<a aria-label=\"Tel\u00e9fono\" class=\"e-link-in-bio__icon-link\" href=\"tel:+14074878737\">\n\t\t\t\t\t\t<span class=\"e-link-in-bio__icon-svg\">\n\t\t\t\t\t\t\t<svg aria-hidden=\"true\" class=\"e-font-icon-svg e-fas-phone-alt\" viewbox=\"0 0 512 512\" xmlns=\"http:\/\/www.w3.org\/2000\/svg\"><path d=\"M497.39 361.8l-112-48a24 24 0 0 0-28 6.9l-49.6 60.6A370.66 370.66 0 0 1 130.6 204.11l60.6-49.6a23.94 23.94 0 0 0 6.9-28l-48-112A24.16 24.16 0 0 0 122.6.61l-104 24A24 24 0 0 0 0 48c0 256.5 207.9 464 464 464a24 24 0 0 0 23.4-18.6l24-104a24.29 24.29 0 0 0-14.01-27.6z\"><\/path><\/svg>\t\t\t\t\t\t<\/span>\n\t\t\t\t\t\t\t\t\t\t\t\t\t<span class=\"e-link-in-bio__icon-label\">\n\t\t\t\t\t\t\t\tEE.UU\t\t\t\t\t\t\t<\/span>\n\t\t\t\t\t\t\t\t\t\t\t<\/a>\n\t\t\t\t<\/div>\n\t\t\t\t\t\t\t<div class=\"e-link-in-bio__icon is-size-small\">\n\t\t\t\t\t<a aria-label=\"Tel\u00e9fono\" class=\"e-link-in-bio__icon-link\" href=\"tel:+573156395401\">\n\t\t\t\t\t\t<span class=\"e-link-in-bio__icon-svg\">\n\t\t\t\t\t\t\t<svg aria-hidden=\"true\" class=\"e-font-icon-svg e-fas-phone-alt\" viewbox=\"0 0 512 512\" xmlns=\"http:\/\/www.w3.org\/2000\/svg\"><path d=\"M497.39 361.8l-112-48a24 24 0 0 0-28 6.9l-49.6 60.6A370.66 370.66 0 0 1 130.6 204.11l60.6-49.6a23.94 23.94 0 0 0 6.9-28l-48-112A24.16 24.16 0 0 0 122.6.61l-104 24A24 24 0 0 0 0 48c0 256.5 207.9 464 464 464a24 24 0 0 0 23.4-18.6l24-104a24.29 24.29 0 0 0-14.01-27.6z\"><\/path><\/svg>\t\t\t\t\t\t<\/span>\n\t\t\t\t\t\t\t\t\t\t\t\t\t<span class=\"e-link-in-bio__icon-label\">\n\t\t\t\t\t\t\t\tColombia\t\t\t\t\t\t\t<\/span>\n\t\t\t\t\t\t\t\t\t\t\t<\/a>\n\t\t\t\t<\/div>\n\t\t\t\t\t\t\t<div class=\"e-link-in-bio__icon is-size-small\">\n\t\t\t\t\t<a href=\"https:\/\/x.com\/StairInfinite\" target=\"_blank\" rel=\"noopener \" aria-label=\"X (Twitter)\" class=\"e-link-in-bio__icon-link\">\n\t\t\t\t\t\t<span class=\"e-link-in-bio__icon-svg\">\n\t\t\t\t\t\t\t<svg aria-hidden=\"true\" class=\"e-font-icon-svg e-fab-x-twitter\" viewbox=\"0 0 512 512\" xmlns=\"http:\/\/www.w3.org\/2000\/svg\"><path d=\"M389.2 48h70.6L305.6 224.2 487 464H345L233.7 318.6 106.5 464H35.8L200.7 275.5 26.8 48H172.4L272.9 180.9 389.2 48zM364.4 421.8h39.1L151.1 88h-42L364.4 421.8z\"><\/path><\/svg>\t\t\t\t\t\t<\/span>\n\t\t\t\t\t\t\t\t\t\t\t\t\t<span class=\"e-link-in-bio__icon-label\">\n\t\t\t\t\t\t\t\tX (Twitter)\t\t\t\t\t\t\t<\/span>\n\t\t\t\t\t\t\t\t\t\t\t<\/a>\n\t\t\t\t<\/div>\n\t\t\t\t\t<\/div>\n\t\t\n\t\t<div class=\"e-link-in-bio__ctas has-type-button\">\n\t\t\t\t\t\t\t<a href=\"https:\/\/calendar.app.google\/sdLgHbVHwnzqRskg7\" target=\"_blank\" rel=\"noopener \" class=\"e-link-in-bio__cta is-type-button has-corners-round\">\n\t\t\t\t\t\t\t\t\t\t<span class=\"e-link-in-bio__cta-text\">\n\t\t\t\t\t\tReserva una consulta gratuita\t\t\t\t\t<\/span>\n\t\t\t\t<\/a>\n\t\t\t\t\t<\/div>\n\t\t\t\t\t<div class=\"e-link-in-bio__bio e-link-in-bio__bio--footer\">\n\t\t\t\t<h3 class=\"e-link-in-bio__about-heading\">Acerca de m\u00ed<\/h3>\t\t\t\t<p class=\"e-link-in-bio__description\">Ayudo a fundadores, profesionales del marketing y equipos de comercio electr\u00f3nico a transformar el caos en claridad. En Infinite Stair, creamos estrategias modulares, flujos de experiencia de usuario y sistemas de automatizaci\u00f3n que hacen que tu tienda funcione para ti. Mi trabajo combina l\u00f3gica de negocio, precisi\u00f3n de dise\u00f1o y resultados reales.<\/p>\t\t\t<\/div>\n\t\t\t\n\t\t\t<\/div>\n\t\t\t<div class=\"e-link-in-bio__bg\">\n\t\t\t\t<div class=\"e-link-in-bio__bg-overlay\"><\/div>\n\t\t\t<\/div>\n\t\t<\/div>\n\t\t\t\t\t\t<\/div>\n\t\t\t\t<\/div>\n\t\t\t\t\t<\/div>\n\t\t\t\t<\/div>\n\t\t\t\t<\/div>","protected":false},"excerpt":{"rendered":"<p>C\u00e9sar Paternina CEO \/ Founder Email WhatsApp LinkedIn USA Colombia X (Twitter) Book free consultation About Me I help founders, marketers, and eCommerce teams turn chaos into clarity. At Infinite Stair, we create modular strategies, UX flows, and automation systems that make your store work for you. My work blends business logic, design precision, and [&hellip;]<\/p>\n","protected":false},"author":5,"featured_media":6675,"parent":0,"menu_order":3,"comment_status":"closed","ping_status":"closed","template":"elementor_header_footer","meta":{"postBodyCss":"","postBodyMargin":[],"postBodyPadding":[],"postBodyBackground":{"backgroundType":"classic","gradient":""},"footnotes":""},"class_list":["post-6668","page","type-page","status-publish","has-post-thumbnail","hentry"],"yoast_head":"<!-- This site is optimized with the Yoast SEO plugin v27.5 - https:\/\/yoast.com\/product\/yoast-seo-wordpress\/ -->\n<title>C\u00e9sar Paternina &#187; Infinite Stair<\/title>\n<meta name=\"description\" content=\"C\u00e9sar Paternina CEO \/ Founder Email WhatsApp LinkedIn USA Colombia X (Twitter) Book free consultation About Me I help founders, marketers, and eCommerce\" \/>\n<meta name=\"robots\" content=\"index, follow, max-snippet:-1, max-image-preview:large, max-video-preview:-1\" \/>\n<link rel=\"canonical\" href=\"https:\/\/escalerainfinita.com\/es\/cesar-paternina\/\" \/>\n<meta property=\"og:locale\" content=\"es_ES\" \/>\n<meta property=\"og:type\" content=\"article\" \/>\n<meta property=\"og:title\" content=\"C\u00e9sar Paternina &#187; Infinite Stair\" \/>\n<meta property=\"og:description\" content=\"C\u00e9sar Paternina CEO \/ Founder Email WhatsApp LinkedIn USA Colombia X (Twitter) Book free consultation About Me I help founders, marketers, and eCommerce\" \/>\n<meta property=\"og:url\" content=\"https:\/\/escalerainfinita.com\/es\/cesar-paternina\/\" \/>\n<meta property=\"og:site_name\" content=\"Infinite Stair\" \/>\n<meta property=\"article:publisher\" content=\"https:\/\/www.facebook.com\/InfiniteStair\" \/>\n<meta property=\"article:modified_time\" content=\"2025-11-22T11:31:50+00:00\" \/>\n<meta property=\"og:image\" content=\"https:\/\/escalerainfinita.com\/wp-content\/uploads\/2025\/06\/FOTO-copia.jpg\" \/>\n\t<meta property=\"og:image:width\" content=\"585\" \/>\n\t<meta property=\"og:image:height\" content=\"608\" \/>\n\t<meta property=\"og:image:type\" content=\"image\/jpeg\" \/>\n<meta name=\"twitter:card\" content=\"summary_large_image\" \/>\n<meta name=\"twitter:site\" content=\"@StairInfinite\" \/>\n<meta name=\"twitter:label1\" content=\"Tiempo de lectura\" \/>\n\t<meta name=\"twitter:data1\" content=\"1 minuto\" \/>\n<script type=\"application\/ld+json\" class=\"yoast-schema-graph\">{\"@context\":\"https:\\\/\\\/schema.org\",\"@graph\":[{\"@type\":\"WebPage\",\"@id\":\"https:\\\/\\\/escalerainfinita.com\\\/es\\\/cesar-paternina\\\/\",\"url\":\"https:\\\/\\\/escalerainfinita.com\\\/es\\\/cesar-paternina\\\/\",\"name\":\"C\u00e9sar Paternina &#187; Infinite Stair\",\"isPartOf\":{\"@id\":\"https:\\\/\\\/escalerainfinita.com\\\/es\\\/#website\"},\"primaryImageOfPage\":{\"@id\":\"https:\\\/\\\/escalerainfinita.com\\\/es\\\/cesar-paternina\\\/#primaryimage\"},\"image\":{\"@id\":\"https:\\\/\\\/escalerainfinita.com\\\/es\\\/cesar-paternina\\\/#primaryimage\"},\"thumbnailUrl\":\"https:\\\/\\\/escalerainfinita.com\\\/wp-content\\\/uploads\\\/2025\\\/06\\\/FOTO-copia.jpg\",\"datePublished\":\"2025-06-11T04:43:13+00:00\",\"dateModified\":\"2025-11-22T11:31:50+00:00\",\"description\":\"C\u00e9sar Paternina CEO \\\/ Founder Email WhatsApp LinkedIn USA Colombia X (Twitter) Book free consultation About Me I help founders, marketers, and eCommerce\",\"breadcrumb\":{\"@id\":\"https:\\\/\\\/escalerainfinita.com\\\/es\\\/cesar-paternina\\\/#breadcrumb\"},\"inLanguage\":\"es-CO\",\"potentialAction\":[{\"@type\":\"ReadAction\",\"target\":[\"https:\\\/\\\/escalerainfinita.com\\\/es\\\/cesar-paternina\\\/\"]}],\"about\":{\"@id\":\"https:\\\/\\\/escalerainfinita.com\\\/es\\\/#organization\"}},{\"@type\":\"ImageObject\",\"inLanguage\":\"es-CO\",\"@id\":\"https:\\\/\\\/escalerainfinita.com\\\/es\\\/cesar-paternina\\\/#primaryimage\",\"url\":\"https:\\\/\\\/escalerainfinita.com\\\/wp-content\\\/uploads\\\/2025\\\/06\\\/FOTO-copia.jpg\",\"contentUrl\":\"https:\\\/\\\/escalerainfinita.com\\\/wp-content\\\/uploads\\\/2025\\\/06\\\/FOTO-copia.jpg\",\"width\":585,\"height\":608,\"caption\":\"C\u00e9sar Paternina, Digital Strategy Consultant and UX Expert at Infinite Stair - Specializing in ecommerce optimization and user-centered design\"},{\"@type\":\"BreadcrumbList\",\"@id\":\"https:\\\/\\\/escalerainfinita.com\\\/es\\\/cesar-paternina\\\/#breadcrumb\",\"itemListElement\":[{\"@type\":\"ListItem\",\"position\":1,\"name\":\"Home\",\"item\":\"https:\\\/\\\/escalerainfinita.com\\\/es\\\/\"},{\"@type\":\"ListItem\",\"position\":2,\"name\":\"C\u00e9sar Paternina\"}]},{\"@type\":\"WebSite\",\"@id\":\"https:\\\/\\\/escalerainfinita.com\\\/es\\\/#website\",\"url\":\"https:\\\/\\\/escalerainfinita.com\\\/es\\\/\",\"name\":\"Infinite Stair LLC Digital Agency\",\"description\":\"Ecommerce, Digital Marketing and UX Design Agency\",\"publisher\":{\"@id\":\"https:\\\/\\\/escalerainfinita.com\\\/es\\\/#organization\"},\"potentialAction\":[{\"@type\":\"SearchAction\",\"target\":{\"@type\":\"EntryPoint\",\"urlTemplate\":\"https:\\\/\\\/escalerainfinita.com\\\/es\\\/?s={search_term_string}\"},\"query-input\":{\"@type\":\"PropertyValueSpecification\",\"valueRequired\":true,\"valueName\":\"search_term_string\"}}],\"inLanguage\":\"es-CO\"},{\"@type\":\"Organization\",\"@id\":\"https:\\\/\\\/escalerainfinita.com\\\/es\\\/#organization\",\"name\":\"Infinite Stair LLC\",\"alternateName\":\"Escalera Infinita\",\"url\":\"https:\\\/\\\/escalerainfinita.com\\\/es\\\/\",\"logo\":{\"@type\":\"ImageObject\",\"url\":\"https:\\\/\\\/infinitestair.com\\\/wp-content\\\/uploads\\\/2025\\\/10\\\/Escalera_Infinita_Logo_Positivo.png\"},\"image\":{\"@type\":\"ImageObject\",\"url\":\"https:\\\/\\\/infinitestair.com\\\/wp-content\\\/uploads\\\/2025\\\/10\\\/Escalera_Infinita_Logo_Positivo.png\"},\"sameAs\":[\"https:\\\/\\\/www.facebook.com\\\/InfiniteStair\",\"https:\\\/\\\/www.linkedin.com\\\/company\\\/infinitestair\\\/\",\"https:\\\/\\\/www.instagram.com\\\/escalerainfinita\\\/\",\"https:\\\/\\\/x.com\\\/cesarpaternina\"],\"email\":\"contacto@escalerainfinita.com\",\"telephone\":\"+57 315 639 5401\",\"foundingDate\":\"2026\",\"priceRange\":\"$$ (Desde 2M COP)\",\"address\":{\"@type\":\"PostalAddress\",\"addressLocality\":\"Barranquilla\",\"addressRegion\":\"Atl\u00e1ntico\",\"addressCountry\":\"CO\"}}]}<\/script>\n<!-- \/ Yoast SEO plugin. -->","yoast_head_json":{"title":"C\u00e9sar Paternina &#187; Infinite Stair","description":"C\u00e9sar Paternina CEO \/ Founder Email WhatsApp LinkedIn USA Colombia X (Twitter) Book free consultation About Me I help founders, marketers, and eCommerce","robots":{"index":"index","follow":"follow","max-snippet":"max-snippet:-1","max-image-preview":"max-image-preview:large","max-video-preview":"max-video-preview:-1"},"canonical":"https:\/\/escalerainfinita.com\/es\/cesar-paternina\/","og_locale":"es_ES","og_type":"article","og_title":"C\u00e9sar Paternina &#187; Infinite Stair","og_description":"C\u00e9sar Paternina CEO \/ Founder Email WhatsApp LinkedIn USA Colombia X (Twitter) Book free consultation About Me I help founders, marketers, and eCommerce","og_url":"https:\/\/escalerainfinita.com\/es\/cesar-paternina\/","og_site_name":"Infinite Stair","article_publisher":"https:\/\/www.facebook.com\/InfiniteStair","article_modified_time":"2025-11-22T11:31:50+00:00","og_image":[{"width":585,"height":608,"url":"https:\/\/escalerainfinita.com\/wp-content\/uploads\/2025\/06\/FOTO-copia.jpg","type":"image\/jpeg"}],"twitter_card":"summary_large_image","twitter_site":"@StairInfinite","twitter_misc":{"Tiempo de lectura":"1 minuto"},"schema":{"@context":"https:\/\/schema.org","@graph":[{"@type":"WebPage","@id":"https:\/\/escalerainfinita.com\/es\/cesar-paternina\/","url":"https:\/\/escalerainfinita.com\/es\/cesar-paternina\/","name":"C\u00e9sar Paternina &#187; Infinite Stair","isPartOf":{"@id":"https:\/\/escalerainfinita.com\/es\/#website"},"primaryImageOfPage":{"@id":"https:\/\/escalerainfinita.com\/es\/cesar-paternina\/#primaryimage"},"image":{"@id":"https:\/\/escalerainfinita.com\/es\/cesar-paternina\/#primaryimage"},"thumbnailUrl":"https:\/\/escalerainfinita.com\/wp-content\/uploads\/2025\/06\/FOTO-copia.jpg","datePublished":"2025-06-11T04:43:13+00:00","dateModified":"2025-11-22T11:31:50+00:00","description":"C\u00e9sar Paternina CEO \/ Founder Email WhatsApp LinkedIn USA Colombia X (Twitter) Book free consultation About Me I help founders, marketers, and eCommerce","breadcrumb":{"@id":"https:\/\/escalerainfinita.com\/es\/cesar-paternina\/#breadcrumb"},"inLanguage":"es-CO","potentialAction":[{"@type":"ReadAction","target":["https:\/\/escalerainfinita.com\/es\/cesar-paternina\/"]}],"about":{"@id":"https:\/\/escalerainfinita.com\/es\/#organization"}},{"@type":"ImageObject","inLanguage":"es-CO","@id":"https:\/\/escalerainfinita.com\/es\/cesar-paternina\/#primaryimage","url":"https:\/\/escalerainfinita.com\/wp-content\/uploads\/2025\/06\/FOTO-copia.jpg","contentUrl":"https:\/\/escalerainfinita.com\/wp-content\/uploads\/2025\/06\/FOTO-copia.jpg","width":585,"height":608,"caption":"C\u00e9sar Paternina, Digital Strategy Consultant and UX Expert at Infinite Stair - Specializing in ecommerce optimization and user-centered design"},{"@type":"BreadcrumbList","@id":"https:\/\/escalerainfinita.com\/es\/cesar-paternina\/#breadcrumb","itemListElement":[{"@type":"ListItem","position":1,"name":"Home","item":"https:\/\/escalerainfinita.com\/es\/"},{"@type":"ListItem","position":2,"name":"C\u00e9sar Paternina"}]},{"@type":"WebSite","@id":"https:\/\/escalerainfinita.com\/es\/#website","url":"https:\/\/escalerainfinita.com\/es\/","name":"Agencia digital Infinite Stair LLC","description":"Agencia de comercio electr\u00f3nico, marketing digital y dise\u00f1o UX","publisher":{"@id":"https:\/\/escalerainfinita.com\/es\/#organization"},"potentialAction":[{"@type":"SearchAction","target":{"@type":"EntryPoint","urlTemplate":"https:\/\/escalerainfinita.com\/es\/?s={search_term_string}"},"query-input":{"@type":"PropertyValueSpecification","valueRequired":true,"valueName":"search_term_string"}}],"inLanguage":"es-CO"},{"@type":"Organization","@id":"https:\/\/escalerainfinita.com\/es\/#organization","name":"Escalera Infinita LLC","alternateName":"Escalera Infinita","url":"https:\/\/escalerainfinita.com\/es\/","logo":{"@type":"ImageObject","url":"https:\/\/infinitestair.com\/wp-content\/uploads\/2025\/10\/Escalera_Infinita_Logo_Positivo.png"},"image":{"@type":"ImageObject","url":"https:\/\/infinitestair.com\/wp-content\/uploads\/2025\/10\/Escalera_Infinita_Logo_Positivo.png"},"sameAs":["https:\/\/www.facebook.com\/InfiniteStair","https:\/\/www.linkedin.com\/company\/infinitestair\/","https:\/\/www.instagram.com\/escalerainfinita\/","https:\/\/x.com\/cesarpaternina"],"email":"contacto@escalerainfinita.com","telephone":"+57 315 639 5401","foundingDate":"2026","priceRange":"$$ (Desde 2M COP)","address":{"@type":"PostalAddress","addressLocality":"Barranquilla","addressRegion":"Atl\u00e1ntico","addressCountry":"CO"}}]}},"jetpack_sharing_enabled":true,"_links":{"self":[{"href":"https:\/\/escalerainfinita.com\/es\/wp-json\/wp\/v2\/pages\/6668","targetHints":{"allow":["GET"]}}],"collection":[{"href":"https:\/\/escalerainfinita.com\/es\/wp-json\/wp\/v2\/pages"}],"about":[{"href":"https:\/\/escalerainfinita.com\/es\/wp-json\/wp\/v2\/types\/page"}],"author":[{"embeddable":true,"href":"https:\/\/escalerainfinita.com\/es\/wp-json\/wp\/v2\/users\/5"}],"replies":[{"embeddable":true,"href":"https:\/\/escalerainfinita.com\/es\/wp-json\/wp\/v2\/comments?post=6668"}],"version-history":[{"count":25,"href":"https:\/\/escalerainfinita.com\/es\/wp-json\/wp\/v2\/pages\/6668\/revisions"}],"predecessor-version":[{"id":7760,"href":"https:\/\/escalerainfinita.com\/es\/wp-json\/wp\/v2\/pages\/6668\/revisions\/7760"}],"wp:featuredmedia":[{"embeddable":true,"href":"https:\/\/escalerainfinita.com\/es\/wp-json\/wp\/v2\/media\/6675"}],"wp:attachment":[{"href":"https:\/\/escalerainfinita.com\/es\/wp-json\/wp\/v2\/media?parent=6668"}],"curies":[{"name":"gracias","href":"https:\/\/api.w.org\/{rel}","templated":true}]}}